{"id":2060,"date":"2017-09-14T11:33:59","date_gmt":"2017-09-14T11:33:59","guid":{"rendered":"http:\/\/euskron.com\/downloads-2\/"},"modified":"2024-09-06T11:29:44","modified_gmt":"2024-09-06T11:29:44","slug":"downloads","status":"publish","type":"page","link":"https:\/\/euskron.com\/en\/downloads\/","title":{"rendered":"Downloads"},"content":{"rendered":"<p>[vc_row css=&#8221;.vc_custom_1505600133549{padding-top: 90px !important;padding-bottom: 90px !important;background-color: #f2f2f2 !important;}&#8221;][vc_column width=&#8221;2\/3&#8243;][vc_custom_heading text=&#8221;Catalogue&#8221; font_container=&#8221;tag:h2|text_align:right&#8221; use_theme_fonts=&#8221;yes&#8221; el_class=&#8221;style-2&#8243;][vc_empty_space height=&#8221;30px&#8221;][vc_row_inner][vc_column_inner width=&#8221;1\/4&#8243;]\n    <!-- team member -->\n    <div class=\"de-team-list team-box wow fadeInUp\">\n    \t\t        <div class=\"team-pic\">\n\t        \t<img src=\"https:\/\/euskron.com\/wp-content\/uploads\/2017\/09\/cutting.jpg\" class=\"img-responsive\" alt=\"\" \/>            \n\t        <\/div>\n                <div class=\"team-desc\">\n            <h3> Fraises Vol.5<\/h3>\n            <p class=\"lead\">Euskron<\/p>            <div class=\"small-border\"><\/div>\n                        <div class=\"social\">\n                <a href=\"http:\/\/euskron.com\/images\/euskron\/catalogos\/catalogo_vol5\/Euskron_vol5.pdf\" target=\"_blank\"><i class=\"fa fa-file-pdf-o fa-lg\"><\/i><\/a>                                                            <\/div>\n        <\/div>\n    <\/div>\n    <!-- team close -->\n\n[vc_empty_space height=&#8221;30px&#8221;][\/vc_column_inner][vc_column_inner width=&#8221;1\/4&#8243;]\n    <!-- team member -->\n    <div class=\"de-team-list team-box wow fadeInUp\">\n    \t\t        <div class=\"team-pic\">\n\t        \t<img src=\"https:\/\/euskron.com\/wp-content\/uploads\/2017\/09\/torneado-poligonal.jpg\" class=\"img-responsive\" alt=\"\" \/>            \n\t        <\/div>\n                <div class=\"team-desc\">\n            <h3>TURNING tools POLIGONAL<\/h3>\n            <p class=\"lead\">Euskron<\/p>            <div class=\"small-border\"><\/div>\n                        <div class=\"social\">\n                <a href=\"http:\/\/euskron.com\/images\/euskron\/catalogos\/Torno%20ISO26623-1\/ISO26623-1%20Euskron.pdf\" target=\"_blank\"><i class=\"fa fa-file-pdf-o fa-lg\"><\/i><\/a>                                                            <\/div>\n        <\/div>\n    <\/div>\n    <!-- team close -->\n\n[vc_empty_space height=&#8221;30px&#8221;][\/vc_column_inner][vc_column_inner width=&#8221;1\/4&#8243;]\n    <!-- team member -->\n    <div class=\"de-team-list team-box wow fadeInUp\">\n    \t\t        <div class=\"team-pic\">\n\t        \t<img src=\"https:\/\/euskron.com\/wp-content\/uploads\/2017\/09\/barras-antivibratorias.jpg\" class=\"img-responsive\" alt=\"\" \/>            \n\t        <\/div>\n                <div class=\"team-desc\">\n            <h3>Antivibration Boring Bars<\/h3>\n            <p class=\"lead\">Euskron<\/p>            <div class=\"small-border\"><\/div>\n                        <div class=\"social\">\n                <a href=\"http:\/\/euskron.com\/images\/euskron\/catalogos\/ABB-EUSKRON-2017-EMO.pdf\" target=\"_blank\"><i class=\"fa fa-file-pdf-o fa-lg\"><\/i><\/a>                                                            <\/div>\n        <\/div>\n    <\/div>\n    <!-- team close -->\n\n[vc_empty_space height=&#8221;30px&#8221;][\/vc_column_inner][vc_column_inner width=&#8221;1\/4&#8243;]\n    <!-- team member -->\n    <div class=\"de-team-list team-box wow fadeInUp\">\n    \t\t        <div class=\"team-pic\">\n\t        \t<img src=\"https:\/\/euskron.com\/wp-content\/uploads\/2019\/04\/pdfcatalogo.png\" class=\"img-responsive\" alt=\"\" \/>            \n\t        <\/div>\n                <div class=\"team-desc\">\n            <h3>Turning 2019<\/h3>\n            <p class=\"lead\">Turning 2019<\/p>            <div class=\"small-border\"><\/div>\n                        <div class=\"social\">\n                <a href=\"http:\/\/euskron.com\/images\/euskron\/catalogos\/CAT%C3%81LOGO_TORNEADO_2019.pdf\" target=\"_blank\"><i class=\"fa fa-file-pdf-o fa-lg\"><\/i><\/a>                                                            <\/div>\n        <\/div>\n    <\/div>\n    <!-- team close -->\n\n[vc_empty_space height=&#8221;30px&#8221;][\/vc_column_inner][\/vc_row_inner][\/vc_column][vc_column width=&#8221;1\/3&#8243;][vc_custom_heading text=&#8221;Equipment&#8221; use_theme_fonts=&#8221;yes&#8221; el_class=&#8221;style-2&#8243;][vc_empty_space height=&#8221;30px&#8221;][vc_row_inner][vc_column_inner width=&#8221;1\/2&#8243;]\n    <!-- team member -->\n    <div class=\"de-team-list team-box wow fadeInUp\">\n    \t\t        <div class=\"team-pic\">\n\t        \t<img src=\"https:\/\/euskron.com\/wp-content\/uploads\/2017\/09\/portaherramientas.jpg\" class=\"img-responsive\" alt=\"\" \/>            \n\t        <\/div>\n                <div class=\"team-desc\">\n            <h3>Toolholders<\/h3>\n            <p class=\"lead\">Euskron<\/p>            <div class=\"small-border\"><\/div>\n                        <div class=\"social\">\n                <a href=\"http:\/\/euskron.com\/images\/euskron\/catalogos\/Conos\/Conos%20Euskron.pdf\" target=\"_blank\"><i class=\"fa fa-file-pdf-o fa-lg\"><\/i><\/a>                                                            <\/div>\n        <\/div>\n    <\/div>\n    <!-- team close -->\n\n[vc_empty_space height=&#8221;30px&#8221;][\/vc_column_inner][vc_column_inner width=&#8221;1\/2&#8243;][\/vc_column_inner][\/vc_row_inner][\/vc_column][\/vc_row][vc_row img_halfrow=&#8221;yes&#8221; halfrow_image=&#8221;2390&#8243; img_columns=&#8221;4columns&#8221; img_position=&#8221;imgright&#8221;][vc_column animate=&#8221;fadeinup&#8221; delay=&#8221;0&#8243; offset=&#8221;vc_col-md-6&#8243; css=&#8221;.vc_custom_1505599769339{background-position: 0 0 !important;background-repeat: repeat !important;}&#8221;][vc_row_inner][vc_column_inner][vc_custom_heading text=&#8221;Development sector tools&#8221; font_container=&#8221;tag:h2|text_align:right&#8221; use_theme_fonts=&#8221;yes&#8221; el_class=&#8221;style-2 pull-right&#8221;][vc_empty_space height=&#8221;30px&#8221; el_class=&#8221;spacer-single&#8221;][\/vc_column_inner][\/vc_row_inner][vc_row_inner][vc_column_inner width=&#8221;1\/3&#8243;]\n    <!-- team member -->\n    <div class=\"de-team-list team-box wow fadeInUp\">\n    \t\t        <div class=\"team-pic\">\n\t        \t<img src=\"https:\/\/euskron.com\/wp-content\/uploads\/2017\/09\/eolica.jpg\" class=\"img-responsive\" alt=\"\" \/>            \n\t        <\/div>\n                <div class=\"team-desc\">\n            <h3>Special tools for wind energy<\/h3>\n            <p class=\"lead\">Euskron<\/p>            <div class=\"small-border\"><\/div>\n                        <div class=\"social\">\n                <a href=\"http:\/\/euskron.com\/images\/euskron\/catalogos\/proyecto_eolico\/Proyecto_Eolico_EUSKRON.pdf\" target=\"_blank\"><i class=\"fa fa-file-pdf-o fa-lg\"><\/i><\/a>                                                            <\/div>\n        <\/div>\n    <\/div>\n    <!-- team close -->\n\n[vc_empty_space height=&#8221;30px&#8221; el_class=&#8221;spacer-single&#8221;][\/vc_column_inner][vc_column_inner width=&#8221;1\/3&#8243;]\n    <!-- team member -->\n    <div class=\"de-team-list team-box wow fadeInUp\">\n    \t\t        <div class=\"team-pic\">\n\t        \t<img src=\"https:\/\/euskron.com\/wp-content\/uploads\/2017\/09\/automocion.jpg\" class=\"img-responsive\" alt=\"\" \/>            \n\t        <\/div>\n                <div class=\"team-desc\">\n            <h3>Special tools for automotive industry <\/h3>\n            <p class=\"lead\">Euskron<\/p>            <div class=\"small-border\"><\/div>\n                        <div class=\"social\">\n                <a href=\"http:\/\/euskron.com\/images\/euskron\/catalogos\/proyecto_automocion\/Proyecto_Automocion.pdf\" target=\"_blank\"><i class=\"fa fa-file-pdf-o fa-lg\"><\/i><\/a>                                                            <\/div>\n        <\/div>\n    <\/div>\n    <!-- team close -->\n\n[vc_empty_space height=&#8221;30px&#8221; el_class=&#8221;spacer-single&#8221;][\/vc_column_inner][vc_column_inner width=&#8221;1\/3&#8243;]\n    <!-- team member -->\n    <div class=\"de-team-list team-box wow fadeInUp\">\n    \t\t        <div class=\"team-pic\">\n\t        \t<img src=\"https:\/\/euskron.com\/wp-content\/uploads\/2017\/09\/aeronautica.jpg\" class=\"img-responsive\" alt=\"\" \/>            \n\t        <\/div>\n                <div class=\"team-desc\">\n            <h3>Special tools for aeronautic industry <\/h3>\n            <p class=\"lead\">Euskron<\/p>            <div class=\"small-border\"><\/div>\n                        <div class=\"social\">\n                <a href=\"http:\/\/euskron.com\/images\/euskron\/catalogos\/Titanium\/Titanium%20Euskron.pdf\" target=\"_blank\"><i class=\"fa fa-file-pdf-o fa-lg\"><\/i><\/a>                                                            <\/div>\n        <\/div>\n    <\/div>\n    <!-- team close -->\n\n[vc_empty_space height=&#8221;30px&#8221; el_class=&#8221;spacer-single&#8221;][\/vc_column_inner][\/vc_row_inner][\/vc_column][\/vc_row][vc_row][vc_column][vc_empty_space height=&#8221;0&#8243;][vc_raw_js]JTNDc2NyaXB0JTIwdHlwZSUzRCUyMnRleHQlMkZqYXZhc2NyaXB0JTIyJTNFJTIwJTBBJTBBJTBBd2luZG93LmFkZEV2ZW50TGlzdGVuZXIlMjglMjdsb2FkJTI3JTJDJTIwZnVuY3Rpb24lMjAlMjglMjklMjAlN0IlMEElMEF2YXIlMjB4JTIwJTNEJTIwZG9jdW1lbnQuZ2V0RWxlbWVudHNCeUNsYXNzTmFtZSUyOCUyMnRlYW0tZGVzYyUyMiUyOSUzQiUwQXZhciUyMGklM0IlMEFmb3IlMjAlMjhpJTIwJTNEJTIwMCUzQiUyMGklMjAlM0MlMjB4Lmxlbmd0aCUzQiUyMGklMkIlMkIlMjklMjAlN0IlMEElMjAlMjB4JTVCaSU1RC5zdHlsZS50b3AlMjAlM0QlMjAlMjIyMjhweCUyMiUwQSU3RCUwQSUwQSU3RCUyOSUwQSUwQSUzQyUyRnNjcmlwdCUzRQ==[\/vc_raw_js][\/vc_column][\/vc_row]<\/p>\n","protected":false},"excerpt":{"rendered":"<p>[vc_row css=&#8221;.vc_custom_1505600133549{padding-top: 90px !important;padding-bottom: 90px !important;background-color: #f2f2f2 !important;}&#8221;][vc_column width=&#8221;2\/3&#8243;][vc_custom_heading text=&#8221;Catalogue&#8221; font_container=&#8221;tag:h2|text_align:right&#8221; use_theme_fonts=&#8221;yes&#8221; el_class=&#8221;style-2&#8243;][vc_empty_space height=&#8221;30px&#8221;][vc_row_inner][vc_column_inner width=&#8221;1\/4&#8243;][vc_empty_space height=&#8221;30px&#8221;][\/vc_column_inner][vc_column_inner width=&#8221;1\/4&#8243;][vc_empty_space height=&#8221;30px&#8221;][\/vc_column_inner][vc_column_inner width=&#8221;1\/4&#8243;][vc_empty_space height=&#8221;30px&#8221;][\/vc_column_inner][vc_column_inner width=&#8221;1\/4&#8243;][vc_empty_space height=&#8221;30px&#8221;][\/vc_column_inner][\/vc_row_inner][\/vc_column][vc_column width=&#8221;1\/3&#8243;][vc_custom_heading text=&#8221;Equipment&#8221; use_theme_fonts=&#8221;yes&#8221; el_class=&#8221;style-2&#8243;][vc_empty_space height=&#8221;30px&#8221;][vc_row_inner][vc_column_inner width=&#8221;1\/2&#8243;][vc_empty_space height=&#8221;30px&#8221;][\/vc_column_inner][vc_column_inner width=&#8221;1\/2&#8243;][\/vc_column_inner][\/vc_row_inner][\/vc_column][\/vc_row][vc_row img_halfrow=&#8221;yes&#8221; halfrow_image=&#8221;2390&#8243; img_columns=&#8221;4columns&#8221; img_position=&#8221;imgright&#8221;][vc_column animate=&#8221;fadeinup&#8221; delay=&#8221;0&#8243; offset=&#8221;vc_col-md-6&#8243; css=&#8221;.vc_custom_1505599769339{background-position: 0 0 !important;background-repeat: repeat !important;}&#8221;][vc_row_inner][vc_column_inner][vc_custom_heading text=&#8221;Development sector tools&#8221; font_container=&#8221;tag:h2|text_align:right&#8221; use_theme_fonts=&#8221;yes&#8221; el_class=&#8221;style-2 pull-right&#8221;][vc_empty_space height=&#8221;30px&#8221; el_class=&#8221;spacer-single&#8221;][\/vc_column_inner][\/vc_row_inner][vc_row_inner][vc_column_inner width=&#8221;1\/3&#8243;][vc_empty_space height=&#8221;30px&#8221; el_class=&#8221;spacer-single&#8221;][\/vc_column_inner][vc_column_inner [&hellip;]<\/p>\n","protected":false},"author":1,"featured_media":0,"parent":0,"menu_order":0,"comment_status":"closed","ping_status":"closed","template":"page-templates\/template-fullwidth.php","meta":{"spay_email":""},"yst_prominent_words":[],"jetpack_sharing_enabled":true,"jetpack_shortlink":"https:\/\/wp.me\/P9EZyk-xe","jetpack_likes_enabled":true,"jetpack-related-posts":[{"id":1815,"url":"https:\/\/euskron.com\/en\/downloads\/","url_meta":{"origin":2060,"position":0},"title":"Descargas","date":"14 September, 2017","format":false,"excerpt":"[vc_row css=\".vc_custom_1505600133549{padding-top: 90px !important;padding-bottom: 90px !important;background-color: #f2f2f2 !important;}\"][vc_column width=\"2\/3\"][vc_custom_heading text=\"Cat\u00e1logos\" font_container=\"tag:h2|text_align:right\" use_theme_fonts=\"yes\" el_class=\"style-2\"][vc_empty_space height=\"30px\"][vc_row_inner][vc_column_inner width=\"1\/4\"][vc_empty_space height=\"30px\"][\/vc_column_inner][vc_column_inner width=\"1\/4\"][vc_empty_space height=\"30px\"][\/vc_column_inner][vc_column_inner width=\"1\/4\"][vc_empty_space height=\"30px\"][\/vc_column_inner][vc_column_inner width=\"1\/4\"][vc_empty_space height=\"30px\"][\/vc_column_inner][\/vc_row_inner][\/vc_column][vc_column width=\"1\/3\"][vc_custom_heading text=\"Equipamiento \" use_theme_fonts=\"yes\" el_class=\"style-2\"][vc_empty_space height=\"30px\"][vc_row_inner][vc_column_inner width=\"1\/2\"][vc_empty_space height=\"30px\"][\/vc_column_inner][vc_column_inner width=\"1\/2\"][vc_hoverbox]Click edit button to change this text. Lorem ipsum dolor sit amet, consectetur adipiscing elit. Ut elit tellus, luctus nec\u2026","rel":"","context":"Similar post","img":{"alt_text":"","src":"","width":0,"height":0},"classes":[]},{"id":1014,"url":"https:\/\/euskron.com\/en\/","url_meta":{"origin":2060,"position":1},"title":"Fabricante de herramientas de corte","date":"20 October, 2016","format":false,"excerpt":"[vc_row fullwidth=\"yes\"][vc_column css=\".vc_custom_1525786453800{margin-top: 106px !important;}\" offset=\"vc_hidden-lg\"][vc_video link=\"https:\/\/www.youtube.com\/watch?v=H98ZlbRGbQk&t=62s \" align=\"center\"][\/vc_column][\/vc_row][vc_row fullwidth=\"yes\"][vc_column offset=\"vc_hidden-md vc_hidden-sm vc_hidden-xs\" css=\".vc_custom_1525785954120{margin-top: 106px !important;}\"][vc_raw_html]JTNDaWZyYW1lJTIwY2xhc3MlM0QlMjJ2aWRlb2hvbWUlMjIlMEElMjAlMjAlMjAlMjBzcmMlM0QlMjJodHRwcyUzQSUyRiUyRnd3dy55b3V0dWJlLmNvbSUyRmVtYmVkJTJGSDk4WmxiUkdiUWslM0ZyZWwlM0QwJTI2c3RhcnQlM0Q2MyUyNm11dGUlM0QxJTI2YXV0b3BsYXklM0QxJTI2Y29udHJvbHMlM0QxJTI2bW9kZXN0YnJhbmRpbmclM0QxJTIyJTBBJTIwJTIwJTIwJTIwZnJhbWVib3JkZXIlM0QlMjIwJTIyJTBBJTIwJTIwJTIwJTIwYWxsb3clM0QlMjJhY2NlbGVyb21ldGVyJTNCJTIwYXV0b3BsYXklM0IlMjBlbmNyeXB0ZWQtbWVkaWElM0IlMjBneXJvc2NvcGUlM0IlMjBwaWN0dXJlLWluLXBpY3R1cmUlMjIlMEElMjAlMjAlMjAlMjBhbGxvd2Z1bGxzY3JlZW4lM0UlMEElM0MlMkZpZnJhbWUlM0UlMEE=[\/vc_raw_html][\/vc_column][\/vc_row][vc_row css_animation=\"none\" fullwidth=\"yes\" css=\".vc_custom_1738244155049{margin-top: 0px !important;margin-right: 0% !important;margin-bottom: 0px !important;margin-left: 0% !important;border-top-width: 0px !important;border-right-width: 0px !important;border-bottom-width: 0px !important;border-left-width: 0px !important;padding-top: 0px !important;padding-right: 0px !important;padding-bottom: 0px !important;padding-left: 0px !important;background-color: #ededed !important;}\"][vc_column][vc_empty_space height=\"60px\"][\/vc_column][\/vc_row][vc_row css_animation=\"none\" fullwidth=\"yes\" css=\".vc_custom_1738244155049{margin-top: 0px\u2026","rel":"","context":"Similar post","img":{"alt_text":"fabricantes herramientas de corte","src":"https:\/\/i2.wp.com\/euskron.com\/wp-content\/uploads\/2018\/02\/e88654a731f941008cc342df565573e2.jpg?resize=350%2C200&ssl=1","width":350,"height":200},"classes":[]},{"id":1542,"url":"https:\/\/euskron.com\/en\/","url_meta":{"origin":2060,"position":2},"title":"Home","date":"20 October, 2016","format":false,"excerpt":"[vc_row fullwidth=\"yes\"][vc_column offset=\"vc_hidden-lg\"][vc_video link=\"https:\/\/www.youtube.com\/watch?v=iDI_ISYYTVo\" align=\"center\"][\/vc_column][\/vc_row][vc_row fullwidth=\"yes\" css=\".vc_custom_1614348351916{margin-top: 106px !important;}\"][vc_column][vc_raw_html]JTNDaWZyYW1lJTIwY2xhc3MlM0QlMjJ2aWRlb2hvbWVlbmclMjIlMjBzcmMlM0QlMjJodHRwcyUzQSUyRiUyRnd3dy55b3V0dWJlLmNvbSUyRmVtYmVkJTJGSDk4WmxiUkdiUWslM0ZhdXRvcGxheSUzRDElMjZyZWwlM0QwJTI2dnElM0RoZDEwODAlMjZzaG93aW5mbyUzRDAlMjZjb250cm9scyUzRDAlMjZtb2Rlc3RicmFuZGluZyUzRDAlMjZkaXNhYmxla2IlM0QwJTI2c3RhcnQlM0Q2MyUyMiUyMGZyYW1lYm9yZGVyJTNEJTIyMCUyMiUyMGFsbG93JTNEJTIyYWNjZWxlcm9tZXRlciUzQiUyMGF1dG9wbGF5JTNCJTIwZW5jcnlwdGVkLW1lZGlhJTNCJTIwZ3lyb3Njb3BlJTNCJTIwcGljdHVyZS1pbi1waWN0dXJlJTIyJTIwYWxsb3dmdWxsc2NyZWVuJTNFJTNDJTJGaWZyYW1lJTNF[\/vc_raw_html][\/vc_column][\/vc_row][vc_row css_animation=\"fadeIn\" fullwidth=\"yes\" css=\".vc_custom_1614349131589{margin-top: 0px !important;margin-right: 0px !important;margin-bottom: 0px !important;margin-left: 0px !important;border-top-width: 0px !important;border-right-width: 0px !important;border-bottom-width: 0px !important;border-left-width: 0px !important;padding-top: 50px !important;padding-right: 50px !important;padding-bottom: 50px !important;padding-left: 50px !important;background-color: #ededed !important;}\" el_id=\"fabricante-corte\"][vc_column][vc_column_text] Manufacturer of cutting tools Not only are we manufacturers of cutting\u2026","rel":"","context":"Similar post","img":{"alt_text":"","src":"","width":0,"height":0},"classes":[]},{"id":2565,"url":"https:\/\/euskron.com\/herramientas-de-corte\/","url_meta":{"origin":2060,"position":3},"title":"Herramientas de corte","date":"26 February, 2018","format":false,"excerpt":"[vc_row css=\".vc_custom_1526422722449{padding-top: 90px !important;padding-bottom: 90px !important;background-color: #efefef !important;}\"][vc_column][vc_custom_heading text=\"Especialistas en el dise\u00f1o y fabricaci\u00f3n de herramientas de corte.\" font_container=\"tag:p|text_align:center\" use_theme_fonts=\"yes\"][vc_column_text] Somos fabricantes de herramientas de corte est\u00e1ndar y a medida, aportamos soluciones de gran precisi\u00f3n y alto rendimiento a su empresa. Fabricamos todo tipo de herramientas de corte para todos\u2026","rel":"","context":"Similar post","img":{"alt_text":"herramientas de corte","src":"https:\/\/i0.wp.com\/euskron.com\/wp-content\/uploads\/2017\/09\/FRESA-DISCO-ESP_\u00d8280-b62d60-Z28-LCMF_0616_WEB.jpg?resize=350%2C200&ssl=1","width":350,"height":200},"classes":[]},{"id":2047,"url":"https:\/\/euskron.com\/en\/solutions\/","url_meta":{"origin":2060,"position":4},"title":"Soluciones","date":"15 September, 2017","format":false,"excerpt":"[vc_row el_id=\"section-side-1\" css=\".vc_custom_1505593934911{padding-top: 50px !important;padding-bottom: 50px !important;background-color: #efefef !important;}\"][vc_column animate=\"fadinright\" delay=\".1\" offset=\"vc_col-md-offset-6 vc_col-md-6\" el_class=\"services-masonry-item-mb0\"][vc_custom_heading text=\"Potenciamos tus capacidades\" use_theme_fonts=\"yes\" el_class=\"style-2 pull-right\"][\/vc_column][\/vc_row][vc_row img_halfrow=\"yes\" halfrow_image=\"3003\" img_columns=\"5columns\" img_position=\"imgleft\"][vc_column animate=\"fadinright\" delay=\".5\" offset=\"vc_col-md-offset-6 vc_col-md-6\" el_class=\"services-masonry-item-mb0\"][vc_empty_space height=\"50px\"][vc_empty_space height=\"50px\"][\/vc_column][\/vc_row][vc_row img_halfrow=\"yes\" halfrow_image=\"1928\" img_columns=\"5columns\" img_position=\"imgleft\" css=\".vc_custom_1505593916733{background-color: #eaeaea !important;}\"][vc_column animate=\"fadinright\" delay=\"1.5\" offset=\"vc_col-md-offset-6 vc_col-md-6\" el_class=\"services-masonry-item-mb0\"][vc_empty_space height=\"50px\"][vc_empty_space height=\"50px\"][\/vc_column][\/vc_row][vc_row disable_element=\"yes\" css=\".vc_custom_1505593829150{padding-top: 50px !important;padding-bottom: 50px\u2026","rel":"","context":"Similar post","img":{"alt_text":"","src":"","width":0,"height":0},"classes":[]},{"id":2909,"url":"https:\/\/euskron.com\/aviso-legal\/","url_meta":{"origin":2060,"position":5},"title":"Aviso Legal","date":"5 July, 2018","format":false,"excerpt":"[vc_row css=\".vc_custom_1526422722449{padding-top: 90px !important;padding-bottom: 90px !important;background-color: #efefef !important;}\"][vc_column][vc_custom_heading text=\"Aviso Legal\" font_container=\"tag:h1|text_align:left\" use_theme_fonts=\"yes\"][vc_column_text]En cumplimiento de la\u00a0Ley 34\/2002, de 11 de julio, de Servicios de la Sociedad de la Informaci\u00f3n y Comercio Electr\u00f3nico (LSSI CE), informamos a los usuarios de los datos de la empresa propietaria de esta web: Responsable -Denominaci\u00f3n Social:\u2026","rel":"","context":"Similar post","img":{"alt_text":"","src":"","width":0,"height":0},"classes":[]}],"_links":{"self":[{"href":"https:\/\/euskron.com\/en\/wp-json\/wp\/v2\/pages\/2060"}],"collection":[{"href":"https:\/\/euskron.com\/en\/wp-json\/wp\/v2\/pages"}],"about":[{"href":"https:\/\/euskron.com\/en\/wp-json\/wp\/v2\/types\/page"}],"author":[{"embeddable":true,"href":"https:\/\/euskron.com\/en\/wp-json\/wp\/v2\/users\/1"}],"replies":[{"embeddable":true,"href":"https:\/\/euskron.com\/en\/wp-json\/wp\/v2\/comments?post=2060"}],"version-history":[{"count":14,"href":"https:\/\/euskron.com\/en\/wp-json\/wp\/v2\/pages\/2060\/revisions"}],"predecessor-version":[{"id":3292,"href":"https:\/\/euskron.com\/en\/wp-json\/wp\/v2\/pages\/2060\/revisions\/3292"}],"wp:attachment":[{"href":"https:\/\/euskron.com\/en\/wp-json\/wp\/v2\/media?parent=2060"}],"wp:term":[{"taxonomy":"yst_prominent_words","embeddable":true,"href":"https:\/\/euskron.com\/en\/wp-json\/wp\/v2\/yst_prominent_words?post=2060"}],"curies":[{"name":"wp","href":"https:\/\/api.w.org\/{rel}","templated":true}]}}