{"id":2039,"date":"2017-09-15T17:49:12","date_gmt":"2017-09-15T17:49:12","guid":{"rendered":"http:\/\/euskron.com\/solucion\/"},"modified":"2024-09-06T11:31:41","modified_gmt":"2024-09-06T11:31:41","slug":"solutions","status":"publish","type":"page","link":"https:\/\/euskron.com\/en\/solutions\/","title":{"rendered":"Solutions"},"content":{"rendered":"<p>[vc_row el_id=&#8221;section-side-1&#8243; css=&#8221;.vc_custom_1505593934911{padding-top: 50px !important;padding-bottom: 50px !important;background-color: #efefef !important;}&#8221;][vc_column animate=&#8221;fadinright&#8221; delay=&#8221;.1&#8243; offset=&#8221;vc_col-md-offset-6 vc_col-md-6&#8243; el_class=&#8221;services-masonry-item-mb0&#8243;][vc_custom_heading text=&#8221;We empower your capacities&#8221; use_theme_fonts=&#8221;yes&#8221; el_class=&#8221;style-2 pull-right&#8221;][\/vc_column][\/vc_row][vc_row img_halfrow=&#8221;yes&#8221; halfrow_image=&#8221;3003&#8243; img_columns=&#8221;5columns&#8221; img_position=&#8221;imgleft&#8221;][vc_column animate=&#8221;fadinright&#8221; delay=&#8221;.5&#8243; offset=&#8221;vc_col-md-offset-6 vc_col-md-6&#8243; el_class=&#8221;services-masonry-item-mb0&#8243;][vc_empty_space height=&#8221;50px&#8221;]\t\t\n\n    <div class=\" box-icon-simple left\">                \n        \t        <span class=\"icon-img wow bounceIn\" data-wow-delay=\"1s\">\n\t        \t<img src=\"\">\n\t        <\/span>\n\t     \n        <div class=\"text\">\n            <h3><span class=\"id-color\"><b>We bring value <\/b>to our clients<\/span><\/h3>\n            Longer tool life - Profitability four your company - Personalized advice - We speed up your machines<\/p>\n<p>        <\/div>\n    <\/div>    \n\n[vc_empty_space height=&#8221;50px&#8221;][\/vc_column][\/vc_row][vc_row img_halfrow=&#8221;yes&#8221; halfrow_image=&#8221;1928&#8243; img_columns=&#8221;5columns&#8221; img_position=&#8221;imgleft&#8221; css=&#8221;.vc_custom_1505593916733{background-color: #eaeaea !important;}&#8221;][vc_column animate=&#8221;fadinright&#8221; delay=&#8221;1&#8243; offset=&#8221;vc_col-md-offset-6 vc_col-md-6&#8243; el_class=&#8221;services-masonry-item-mb0&#8243;][vc_empty_space height=&#8221;50px&#8221;]\t\t\n\n    <div class=\" box-icon-simple left\">                \n        \t        <span class=\"icon-img wow bounceIn\" data-wow-delay=\"1s\">\n\t        \t<img src=\"\">\n\t        <\/span>\n\t     \n        <div class=\"text\">\n            <h3><span class=\"id-color\"><b>Process<\/b> Process<\/span><\/h3>\n            We want to assist you throughout the full process. From the piece process scratch until the machining setup and scheduled time.<br \/>\n        <\/div>\n    <\/div>    \n\n[vc_empty_space height=&#8221;50px&#8221;][\/vc_column][\/vc_row][vc_row disable_element=&#8221;yes&#8221; css=&#8221;.vc_custom_1505593829150{padding-top: 50px !important;padding-bottom: 50px !important;background-color: #333333 !important;}&#8221; el_class=&#8221;no-bg-fixed text-light&#8221;][vc_column width=&#8221;1\/3&#8243;]\n\t<div class=\"de_count\">\n                <h3 class=\"timer\" data-to=\"30\" data-speed=\"2500\">0<\/h3>\n        <span>A\u00f1os de experiencia<\/span>\n    <\/div>\n\n[\/vc_column][vc_column width=&#8221;1\/3&#8243;]\n\t<div class=\"de_count\">\n                <h3 class=\"timer\" data-to=\"2450\" data-speed=\"2500\">0<\/h3>\n        <span>Tasks Done<\/span>\n    <\/div>\n\n[\/vc_column][vc_column width=&#8221;1\/3&#8243;]\n\t<div class=\"de_count\">\n                <h3 class=\"timer\" data-to=\"1200\" data-speed=\"2500\">0<\/h3>\n        <span>Feedback Received<\/span>\n    <\/div>\n\n[\/vc_column][\/vc_row][vc_row img_halfrow=&#8221;yes&#8221; halfrow_image=&#8221;2014&#8243; img_columns=&#8221;5columns&#8221; img_position=&#8221;imgleft&#8221;][vc_column animate=&#8221;fadinright&#8221; delay=&#8221;1.5&#8243; offset=&#8221;vc_col-md-offset-6 vc_col-md-6&#8243; el_class=&#8221;services-masonry-item-mb0&#8243;][vc_empty_space height=&#8221;50px&#8221;]\t\t\n\n    <div class=\" box-icon-simple left\">                \n        \t        <span class=\"icon-img wow bounceIn\" data-wow-delay=\"1.25s\">\n\t        \t<img src=\"\">\n\t        <\/span>\n\t     \n        <div class=\"text\">\n            <h3><span class=\"id-color\"><b>Technical<\/b>Office<\/span><\/h3>\n            Our tecnical department provides a wide experience in cutting tools development for every kind of applications and operations. We love challenges.<br \/>\n        <\/div>\n    <\/div>    \n\n[vc_empty_space height=&#8221;50px&#8221;][\/vc_column][\/vc_row][vc_row img_halfrow=&#8221;yes&#8221; halfrow_image=&#8221;2409&#8243; img_columns=&#8221;5columns&#8221; img_position=&#8221;imgleft&#8221; css=&#8221;.vc_custom_1505593347673{background-color: #e0e0e0 !important;}&#8221;][vc_column animate=&#8221;fadinright&#8221; delay=&#8221;2&#8243; offset=&#8221;vc_col-md-offset-6 vc_col-md-6&#8243; el_class=&#8221;services-masonry-item-mb0&#8243;][vc_empty_space height=&#8221;50px&#8221;]\t\t\n\n    <div class=\" box-icon-simple left\">                \n        \t        <span class=\"icon-img wow bounceIn\" data-wow-delay=\"2.25s\">\n\t        \t<img src=\"\">\n\t        <\/span>\n\t     \n        <div class=\"text\">\n            <h3><span class=\"id-color\"><b>4.0 <\/b>Manufacturing<\/span><\/h3>\n            We provide an automated manufacturing with one of the best manufacturing brands. Therefore we are able to achieve high precission manufacturing cutting tools that provide high performance and a significant longer tool life.<br \/>\n        <\/div>\n    <\/div>    \n\n[vc_empty_space height=&#8221;50px&#8221;][\/vc_column][\/vc_row][vc_row img_halfrow=&#8221;yes&#8221; halfrow_image=&#8221;3004&#8243; img_columns=&#8221;5columns&#8221; img_position=&#8221;imgleft&#8221;][vc_column animate=&#8221;fadinright&#8221; delay=&#8221;2.5&#8243; offset=&#8221;vc_col-md-offset-6 vc_col-md-6&#8243; el_class=&#8221;services-masonry-item-mb0&#8243;]\t\t\n\n    <div class=\" box-icon-simple left\">                \n        \t        <span class=\"icon-img wow bounceIn\" data-wow-delay=\"2.50s\">\n\t        \t<img src=\"\">\n\t        <\/span>\n\t     \n        <div class=\"text\">\n            <h3><span class=\"id-color\"><b>Our<\/b> value<\/span><\/h3>\n            We set a new standard in terms of quality. The best precision provides the best performance, and the best investment for lower machine consumption, longer tool life and significantly better performance.<br \/>\n        <\/div>\n    <\/div>    \n\n[\/vc_column][\/vc_row]<\/p>\n","protected":false},"excerpt":{"rendered":"<p>[vc_row el_id=&#8221;section-side-1&#8243; css=&#8221;.vc_custom_1505593934911{padding-top: 50px !important;padding-bottom: 50px !important;background-color: #efefef !important;}&#8221;][vc_column animate=&#8221;fadinright&#8221; delay=&#8221;.1&#8243; offset=&#8221;vc_col-md-offset-6 vc_col-md-6&#8243; el_class=&#8221;services-masonry-item-mb0&#8243;][vc_custom_heading text=&#8221;We empower your capacities&#8221; use_theme_fonts=&#8221;yes&#8221; el_class=&#8221;style-2 pull-right&#8221;][\/vc_column][\/vc_row][vc_row img_halfrow=&#8221;yes&#8221; halfrow_image=&#8221;3003&#8243; img_columns=&#8221;5columns&#8221; img_position=&#8221;imgleft&#8221;][vc_column animate=&#8221;fadinright&#8221; delay=&#8221;.5&#8243; offset=&#8221;vc_col-md-offset-6 vc_col-md-6&#8243; el_class=&#8221;services-masonry-item-mb0&#8243;][vc_empty_space height=&#8221;50px&#8221;][vc_empty_space height=&#8221;50px&#8221;][\/vc_column][\/vc_row][vc_row img_halfrow=&#8221;yes&#8221; halfrow_image=&#8221;1928&#8243; img_columns=&#8221;5columns&#8221; img_position=&#8221;imgleft&#8221; css=&#8221;.vc_custom_1505593916733{background-color: #eaeaea !important;}&#8221;][vc_column animate=&#8221;fadinright&#8221; delay=&#8221;1&#8243; offset=&#8221;vc_col-md-offset-6 vc_col-md-6&#8243; el_class=&#8221;services-masonry-item-mb0&#8243;][vc_empty_space height=&#8221;50px&#8221;][vc_empty_space height=&#8221;50px&#8221;][\/vc_column][\/vc_row][vc_row disable_element=&#8221;yes&#8221; css=&#8221;.vc_custom_1505593829150{padding-top: 50px !important;padding-bottom: 50px !important;background-color: #333333 !important;}&#8221; el_class=&#8221;no-bg-fixed [&hellip;]<\/p>\n","protected":false},"author":1,"featured_media":0,"parent":0,"menu_order":0,"comment_status":"closed","ping_status":"closed","template":"page-templates\/template-fullwidth.php","meta":{"spay_email":""},"yst_prominent_words":[],"jetpack_sharing_enabled":true,"jetpack_shortlink":"https:\/\/wp.me\/P9EZyk-wT","jetpack_likes_enabled":true,"jetpack-related-posts":[{"id":1542,"url":"https:\/\/euskron.com\/en\/","url_meta":{"origin":2039,"position":0},"title":"Home","date":"20 October, 2016","format":false,"excerpt":"[vc_row fullwidth=\"yes\"][vc_column offset=\"vc_hidden-lg\"][vc_video link=\"https:\/\/www.youtube.com\/watch?v=iDI_ISYYTVo\" align=\"center\"][\/vc_column][\/vc_row][vc_row fullwidth=\"yes\" css=\".vc_custom_1614348351916{margin-top: 106px !important;}\"][vc_column][vc_raw_html]JTNDaWZyYW1lJTIwY2xhc3MlM0QlMjJ2aWRlb2hvbWVlbmclMjIlMjBzcmMlM0QlMjJodHRwcyUzQSUyRiUyRnd3dy55b3V0dWJlLmNvbSUyRmVtYmVkJTJGSDk4WmxiUkdiUWslM0ZhdXRvcGxheSUzRDElMjZyZWwlM0QwJTI2dnElM0RoZDEwODAlMjZzaG93aW5mbyUzRDAlMjZjb250cm9scyUzRDAlMjZtb2Rlc3RicmFuZGluZyUzRDAlMjZkaXNhYmxla2IlM0QwJTI2c3RhcnQlM0Q2MyUyMiUyMGZyYW1lYm9yZGVyJTNEJTIyMCUyMiUyMGFsbG93JTNEJTIyYWNjZWxlcm9tZXRlciUzQiUyMGF1dG9wbGF5JTNCJTIwZW5jcnlwdGVkLW1lZGlhJTNCJTIwZ3lyb3Njb3BlJTNCJTIwcGljdHVyZS1pbi1waWN0dXJlJTIyJTIwYWxsb3dmdWxsc2NyZWVuJTNFJTNDJTJGaWZyYW1lJTNF[\/vc_raw_html][\/vc_column][\/vc_row][vc_row css_animation=\"fadeIn\" fullwidth=\"yes\" css=\".vc_custom_1614349131589{margin-top: 0px !important;margin-right: 0px !important;margin-bottom: 0px !important;margin-left: 0px !important;border-top-width: 0px !important;border-right-width: 0px !important;border-bottom-width: 0px !important;border-left-width: 0px !important;padding-top: 50px !important;padding-right: 50px !important;padding-bottom: 50px !important;padding-left: 50px !important;background-color: #ededed !important;}\" el_id=\"fabricante-corte\"][vc_column][vc_column_text] Manufacturer of cutting tools Not only are we manufacturers of cutting\u2026","rel":"","context":"Similar post","img":{"alt_text":"","src":"","width":0,"height":0},"classes":[]},{"id":1014,"url":"https:\/\/euskron.com\/en\/","url_meta":{"origin":2039,"position":1},"title":"Fabricante de herramientas de corte","date":"20 October, 2016","format":false,"excerpt":"[vc_row fullwidth=\"yes\"][vc_column css=\".vc_custom_1525786453800{margin-top: 106px !important;}\" offset=\"vc_hidden-lg\"][vc_video link=\"https:\/\/www.youtube.com\/watch?v=H98ZlbRGbQk&t=62s \" align=\"center\"][\/vc_column][\/vc_row][vc_row fullwidth=\"yes\"][vc_column offset=\"vc_hidden-md vc_hidden-sm vc_hidden-xs\" css=\".vc_custom_1525785954120{margin-top: 106px !important;}\"][vc_raw_html]JTNDaWZyYW1lJTIwY2xhc3MlM0QlMjJ2aWRlb2hvbWUlMjIlMEElMjAlMjAlMjAlMjBzcmMlM0QlMjJodHRwcyUzQSUyRiUyRnd3dy55b3V0dWJlLmNvbSUyRmVtYmVkJTJGSDk4WmxiUkdiUWslM0ZyZWwlM0QwJTI2c3RhcnQlM0Q2MyUyNm11dGUlM0QxJTI2YXV0b3BsYXklM0QxJTI2Y29udHJvbHMlM0QxJTI2bW9kZXN0YnJhbmRpbmclM0QxJTIyJTBBJTIwJTIwJTIwJTIwZnJhbWVib3JkZXIlM0QlMjIwJTIyJTBBJTIwJTIwJTIwJTIwYWxsb3clM0QlMjJhY2NlbGVyb21ldGVyJTNCJTIwYXV0b3BsYXklM0IlMjBlbmNyeXB0ZWQtbWVkaWElM0IlMjBneXJvc2NvcGUlM0IlMjBwaWN0dXJlLWluLXBpY3R1cmUlMjIlMEElMjAlMjAlMjAlMjBhbGxvd2Z1bGxzY3JlZW4lM0UlMEElM0MlMkZpZnJhbWUlM0UlMEE=[\/vc_raw_html][\/vc_column][\/vc_row][vc_row css_animation=\"none\" fullwidth=\"yes\" css=\".vc_custom_1738244155049{margin-top: 0px !important;margin-right: 0% !important;margin-bottom: 0px !important;margin-left: 0% !important;border-top-width: 0px !important;border-right-width: 0px !important;border-bottom-width: 0px !important;border-left-width: 0px !important;padding-top: 0px !important;padding-right: 0px !important;padding-bottom: 0px !important;padding-left: 0px !important;background-color: #ededed !important;}\"][vc_column][vc_empty_space height=\"60px\"][\/vc_column][\/vc_row][vc_row css_animation=\"none\" fullwidth=\"yes\" css=\".vc_custom_1738244155049{margin-top: 0px\u2026","rel":"","context":"Similar post","img":{"alt_text":"fabricantes herramientas de corte","src":"https:\/\/i2.wp.com\/euskron.com\/wp-content\/uploads\/2018\/02\/e88654a731f941008cc342df565573e2.jpg?resize=350%2C200&ssl=1","width":350,"height":200},"classes":[]},{"id":2047,"url":"https:\/\/euskron.com\/en\/solutions\/","url_meta":{"origin":2039,"position":2},"title":"Soluciones","date":"15 September, 2017","format":false,"excerpt":"[vc_row el_id=\"section-side-1\" css=\".vc_custom_1505593934911{padding-top: 50px !important;padding-bottom: 50px !important;background-color: #efefef !important;}\"][vc_column animate=\"fadinright\" delay=\".1\" offset=\"vc_col-md-offset-6 vc_col-md-6\" el_class=\"services-masonry-item-mb0\"][vc_custom_heading text=\"Potenciamos tus capacidades\" use_theme_fonts=\"yes\" el_class=\"style-2 pull-right\"][\/vc_column][\/vc_row][vc_row img_halfrow=\"yes\" halfrow_image=\"3003\" img_columns=\"5columns\" img_position=\"imgleft\"][vc_column animate=\"fadinright\" delay=\".5\" offset=\"vc_col-md-offset-6 vc_col-md-6\" el_class=\"services-masonry-item-mb0\"][vc_empty_space height=\"50px\"][vc_empty_space height=\"50px\"][\/vc_column][\/vc_row][vc_row img_halfrow=\"yes\" halfrow_image=\"1928\" img_columns=\"5columns\" img_position=\"imgleft\" css=\".vc_custom_1505593916733{background-color: #eaeaea !important;}\"][vc_column animate=\"fadinright\" delay=\"1.5\" offset=\"vc_col-md-offset-6 vc_col-md-6\" el_class=\"services-masonry-item-mb0\"][vc_empty_space height=\"50px\"][vc_empty_space height=\"50px\"][\/vc_column][\/vc_row][vc_row disable_element=\"yes\" css=\".vc_custom_1505593829150{padding-top: 50px !important;padding-bottom: 50px\u2026","rel":"","context":"Similar post","img":{"alt_text":"","src":"","width":0,"height":0},"classes":[]},{"id":2914,"url":"https:\/\/euskron.com\/politica-de-cookies\/","url_meta":{"origin":2039,"position":3},"title":"Pol\u00edtica de cookies","date":"5 July, 2018","format":false,"excerpt":"[vc_row css=\".vc_custom_1526422722449{padding-top: 90px !important;padding-bottom: 90px !important;background-color: #efefef !important;}\"][vc_column][vc_column_text]Mediante el presente aviso de la web www.euskron.com con titular EUSKRON le informa de su pol\u00edtica de cookies, cumpliendo as\u00ed con lo previsto en el art\u00edculo 22.2 de la Ley 34\/2002, de 11 de julio de Servicios de la Sociedad de la Informaci\u00f3n\u2026","rel":"","context":"Similar post","img":{"alt_text":"","src":"","width":0,"height":0},"classes":[]}],"_links":{"self":[{"href":"https:\/\/euskron.com\/en\/wp-json\/wp\/v2\/pages\/2039"}],"collection":[{"href":"https:\/\/euskron.com\/en\/wp-json\/wp\/v2\/pages"}],"about":[{"href":"https:\/\/euskron.com\/en\/wp-json\/wp\/v2\/types\/page"}],"author":[{"embeddable":true,"href":"https:\/\/euskron.com\/en\/wp-json\/wp\/v2\/users\/1"}],"replies":[{"embeddable":true,"href":"https:\/\/euskron.com\/en\/wp-json\/wp\/v2\/comments?post=2039"}],"version-history":[{"count":4,"href":"https:\/\/euskron.com\/en\/wp-json\/wp\/v2\/pages\/2039\/revisions"}],"predecessor-version":[{"id":3076,"href":"https:\/\/euskron.com\/en\/wp-json\/wp\/v2\/pages\/2039\/revisions\/3076"}],"wp:attachment":[{"href":"https:\/\/euskron.com\/en\/wp-json\/wp\/v2\/media?parent=2039"}],"wp:term":[{"taxonomy":"yst_prominent_words","embeddable":true,"href":"https:\/\/euskron.com\/en\/wp-json\/wp\/v2\/yst_prominent_words?post=2039"}],"curies":[{"name":"wp","href":"https:\/\/api.w.org\/{rel}","templated":true}]}}